{"id":335074,"date":"2021-10-15T09:50:44","date_gmt":"2021-10-15T07:50:44","guid":{"rendered":"http:\/\/www.ankhang.de\/?page_id=335074"},"modified":"2026-01-04T22:26:17","modified_gmt":"2026-01-04T21:26:17","slug":"anfahrt","status":"publish","type":"page","link":"https:\/\/www.ankhang.de\/?page_id=335074","title":{"rendered":"Anfahrt"},"content":{"rendered":"<p>[et_pb_section fb_built=&#8220;1&#8243; admin_label=&#8220;Best Beans&#8220; _builder_version=&#8220;4.16&#8243; background_color=&#8220;rgba(0,0,0,0)&#8220; background_color_gradient_direction=&#8220;90deg&#8220; background_image=&#8220;https:\/\/www.ankhang.de\/wp-content\/uploads\/2022\/01\/pattern_6.png&#8220; background_repeat=&#8220;repeat&#8220; custom_margin=&#8220;0px||0px||false|false&#8220; custom_padding=&#8220;0px|0px|0px|0px&#8220; locked=&#8220;off&#8220; global_colors_info=&#8220;{}&#8220;][et_pb_row use_custom_gutter=&#8220;on&#8220; gutter_width=&#8220;1&#8243; make_equal=&#8220;on&#8220; admin_label=&#8220;Best Beans Row&#8220; module_class=&#8220; et_pb_row_fullwidth&#8220; _builder_version=&#8220;4.16&#8243; background_color=&#8220;rgba(0,0,0,0)&#8220; width=&#8220;100%&#8220; width_tablet=&#8220;100%&#8220; width_phone=&#8220;&#8220; width_last_edited=&#8220;on|desktop&#8220; max_width=&#8220;100%&#8220; max_width_tablet=&#8220;100%&#8220; max_width_phone=&#8220;&#8220; max_width_last_edited=&#8220;on|desktop&#8220; custom_margin=&#8220;0px||0px||false|false&#8220; custom_padding=&#8220;0px|0px|0px|0px||&#8220; make_fullwidth=&#8220;on&#8220; global_colors_info=&#8220;{}&#8220;][et_pb_column type=&#8220;4_4&#8243; _builder_version=&#8220;4.16&#8243; background_color=&#8220;rgba(0,0,0,0)&#8220; custom_padding=&#8220;80px|5%|80px|5%&#8220; global_colors_info=&#8220;{}&#8220; custom_padding__hover=&#8220;|||&#8220;][et_pb_text admin_label=&#8220;Tittle&#8220; _builder_version=&#8220;4.27.5&#8243; text_font=&#8220;objecto-bold||||||||&#8220; text_text_color=&#8220;#AE8A44&#8243; text_font_size=&#8220;34px&#8220; text_letter_spacing=&#8220;1px&#8220; text_line_height=&#8220;1.8em&#8220; link_font=&#8220;||||||||&#8220; ul_font=&#8220;||||||||&#8220; ol_font=&#8220;||||||||&#8220; quote_font=&#8220;||||||||&#8220; header_font=&#8220;||||||||&#8220; header_2_font=&#8220;Oswald|||on|||||&#8220; header_2_text_align=&#8220;left&#8220; header_2_font_size=&#8220;40px&#8220; header_2_letter_spacing=&#8220;2px&#8220; header_2_line_height=&#8220;1.5em&#8220; background_layout=&#8220;dark&#8220; custom_margin=&#8220;||2.7%|||&#8220; hover_enabled=&#8220;0&#8243; text_font_size_tablet=&#8220;&#8220; text_font_size_phone=&#8220;29px&#8220; text_font_size_last_edited=&#8220;on|tablet&#8220; locked=&#8220;off&#8220; global_colors_info=&#8220;{}&#8220; sticky_enabled=&#8220;0&#8243;]<\/p>\n<p>Weiterleitung<\/p>\n<p>[\/et_pb_text][et_pb_button button_url=&#8220;https:\/\/maps.app.goo.gl\/DjyzywqE3yu6nAhv7&#8243; button_text=&#8220;Google Maps&#8220; button_alignment=&#8220;left&#8220; _builder_version=&#8220;4.27.5&#8243; _module_preset=&#8220;default&#8220; custom_button=&#8220;on&#8220; button_text_size=&#8220;16px&#8220; button_text_color=&#8220;#352c29&#8243; button_bg_color=&#8220;#96C11F&#8220; button_border_radius=&#8220;10px&#8220; button_letter_spacing=&#8220;1px&#8220; button_font=&#8220;objecto-bold||||||||&#8220; transform_translate=&#8220;-4px|20px&#8220; transform_translate_linked=&#8220;off&#8220; background_layout=&#8220;dark&#8220; custom_margin=&#8220;||21px||false|false&#8220; custom_padding=&#8220;8px||8px||true|false&#8220; hover_enabled=&#8220;0&#8243; global_colors_info=&#8220;{}&#8220; sticky_enabled=&#8220;0&#8243;][\/et_pb_button][et_pb_button button_url=&#8220;https:\/\/share.here.com\/p\/s-Yz1idWlsZGluZztsYXQ9NTMuNTgzNTM7bG9uPTkuOTcwNTg7bj1Ib2hlbHVmdGNoYXVzc2VlKzg2O25sYXQ9NTMuNTgzNDc7bmxvbj05Ljk3MDQ7aD0yZjMwMTg&#8220; url_new_window=&#8220;on&#8220; button_text=&#8220;Here WeGo&#8220; button_alignment=&#8220;left&#8220; _builder_version=&#8220;4.27.4&#8243; custom_button=&#8220;on&#8220; button_text_size=&#8220;16px&#8220; button_text_color=&#8220;#412E21&#8243; button_bg_color=&#8220;#96C11F&#8220; button_border_width=&#8220;0px&#8220; button_border_radius=&#8220;10px&#8220; button_letter_spacing=&#8220;1px&#8220; button_font=&#8220;objecto-bold||||||||&#8220; background_layout=&#8220;dark&#8220; custom_margin=&#8220;-45px|45px|12px|158px|false|false&#8220; custom_padding=&#8220;8px|8px|8px|8px|true|false&#8220; global_colors_info=&#8220;{}&#8220; button_text_color__hover_enabled=&#8220;on|desktop&#8220; button_text_color__hover=&#8220;#ffffff&#8220; button_bg_color__hover_enabled=&#8220;on|desktop&#8220; button_bg_color__hover=&#8220;#FBC24D&#8220; custom_padding__hover_enabled=&#8220;on|desktop&#8220; custom_padding__hover=&#8220;8px|8px|8px|8px|true|false&#8220;][\/et_pb_button][et_pb_button button_url=&#8220;@ET-DC@eyJkeW5hbWljIjp0cnVlLCJjb250ZW50IjoicG9zdF9saW5rX3VybF9wYWdlIiwic2V0dGluZ3MiOnsicG9zdF9pZCI6IjIifX0=@&#8220; button_text=&#8220;zur\u00fcck&#8220; _builder_version=&#8220;4.27.4&#8243; _dynamic_attributes=&#8220;button_url&#8220; custom_button=&#8220;on&#8220; button_text_size=&#8220;16px&#8220; button_text_color=&#8220;#412E21&#8243; button_bg_color=&#8220;#AE8A44&#8243; button_border_width=&#8220;0px&#8220; button_border_radius=&#8220;10px&#8220; button_letter_spacing=&#8220;1px&#8220; button_font=&#8220;objecto-bold||||||||&#8220; background_layout=&#8220;dark&#8220; custom_margin=&#8220;-53px|||287px|false|false&#8220; custom_padding=&#8220;8px||8px||true|false&#8220; global_colors_info=&#8220;{}&#8220; button_text_color__hover_enabled=&#8220;on|desktop&#8220; button_text_color__hover=&#8220;#ffffff&#8220; button_bg_color__hover_enabled=&#8220;on|hover&#8220; button_bg_color__hover=&#8220;#96C11F&#8220; button_bg_enable_color__hover=&#8220;on&#8220;][\/et_pb_button][\/et_pb_column][\/et_pb_row][et_pb_row _builder_version=&#8220;4.27.5&#8243; _module_preset=&#8220;default&#8220; hover_enabled=&#8220;0&#8243; sticky_enabled=&#8220;0&#8243;][et_pb_column _builder_version=&#8220;4.27.5&#8243; _module_preset=&#8220;default&#8220; type=&#8220;4_4&#8243;][et_pb_blurb title=&#8220;So finden Sie uns&#8220; _builder_version=&#8220;4.27.5&#8243; _module_preset=&#8220;default&#8220; hover_enabled=&#8220;0&#8243; sticky_enabled=&#8220;0&#8243; use_icon=&#8220;on&#8220; header_text_color=&#8220;#96C11F&#8220; header_font_size=&#8220;32px&#8220; body_font_size=&#8220;18px&#8220;]<\/p>\n<p>Unser Restaurant befindet sich in der N\u00e4he von \u00d6ffentlichen Velehrsmitteln.<\/p>\n<p>Der Bus Nr. 5 ist aktuell das N\u00e4chste zu uns. Sie steigen Eppendorfer Weg (Ost) aus und gehen dann ca. 4 Minuten (250 Meter) zu An Khang.<\/p>\n<p>von der U3 Hoheluftbr\u00fccke k\u00f6nnen Sie auch den 5er nehmen oder gehen ca. 11 Minuten.<\/p>\n<p>[\/et_pb_blurb][\/et_pb_column][\/et_pb_row][\/et_pb_section]<\/p>\n","protected":false},"excerpt":{"rendered":"<p>WeiterleitungUnser Restaurant befindet sich in der N\u00e4he von \u00d6ffentlichen Velehrsmitteln. Der Bus Nr. 5 ist aktuell das N\u00e4chste zu uns. Sie steigen Eppendorfer Weg (Ost) aus und gehen dann ca. 4 Minuten (250 Meter) zu An Khang. von der U3 Hoheluftbr\u00fccke k\u00f6nnen Sie auch den 5er nehmen oder gehen ca. 11 Minuten.<\/p>\n","protected":false},"author":1,"featured_media":0,"parent":0,"menu_order":0,"comment_status":"closed","ping_status":"closed","template":"","meta":{"_et_pb_use_builder":"on","_et_pb_old_content":"","_et_gb_content_width":"","footnotes":""},"class_list":["post-335074","page","type-page","status-publish","hentry"],"_links":{"self":[{"href":"https:\/\/www.ankhang.de\/index.php?rest_route=\/wp\/v2\/pages\/335074","targetHints":{"allow":["GET"]}}],"collection":[{"href":"https:\/\/www.ankhang.de\/index.php?rest_route=\/wp\/v2\/pages"}],"about":[{"href":"https:\/\/www.ankhang.de\/index.php?rest_route=\/wp\/v2\/types\/page"}],"author":[{"embeddable":true,"href":"https:\/\/www.ankhang.de\/index.php?rest_route=\/wp\/v2\/users\/1"}],"replies":[{"embeddable":true,"href":"https:\/\/www.ankhang.de\/index.php?rest_route=%2Fwp%2Fv2%2Fcomments&post=335074"}],"version-history":[{"count":3,"href":"https:\/\/www.ankhang.de\/index.php?rest_route=\/wp\/v2\/pages\/335074\/revisions"}],"predecessor-version":[{"id":338059,"href":"https:\/\/www.ankhang.de\/index.php?rest_route=\/wp\/v2\/pages\/335074\/revisions\/338059"}],"wp:attachment":[{"href":"https:\/\/www.ankhang.de\/index.php?rest_route=%2Fwp%2Fv2%2Fmedia&parent=335074"}],"curies":[{"name":"wp","href":"https:\/\/api.w.org\/{rel}","templated":true}]}}